{"id":7798,"date":"2025-01-31T15:51:35","date_gmt":"2025-01-31T18:51:35","guid":{"rendered":"https:\/\/legalambiental.com.br\/?page_id=7798"},"modified":"2025-01-31T16:22:15","modified_gmt":"2025-01-31T19:22:15","slug":"logistica-reversa","status":"publish","type":"page","link":"https:\/\/legalambiental.com.br\/?page_id=7798","title":{"rendered":"Log\u00edstica Reversa"},"content":{"rendered":"\t\t<div data-elementor-type=\"wp-page\" data-elementor-id=\"7798\" class=\"elementor elementor-7798\" data-elementor-settings=\"{&quot;ha_cmc_init_switcher&quot;:&quot;no&quot;}\" data-elementor-post-type=\"page\">\n\t\t\t\t\t\t<section class=\"ob-is-breaking-bad elementor-section elementor-top-section elementor-element elementor-element-9f8ae2e elementor-section-height-min-height elementor-section-boxed elementor-section-height-default elementor-section-items-middle jltma-glass-effect-no\" data-id=\"9f8ae2e\" data-element_type=\"section\" data-e-type=\"section\" data-settings=\"{&quot;background_background&quot;:&quot;classic&quot;,&quot;_ob_bbad_use_it&quot;:&quot;yes&quot;,&quot;_ob_bbad_sssic_use&quot;:&quot;no&quot;,&quot;_ob_glider_is_slider&quot;:&quot;no&quot;,&quot;_ha_eqh_enable&quot;:false}\">\n\t\t\t\t\t\t\t<div class=\"elementor-background-overlay\"><\/div>\n\t\t\t\t\t\t\t<div class=\"elementor-container elementor-column-gap-default\">\n\t\t\t\t\t<div class=\"elementor-column elementor-col-100 elementor-top-column elementor-element elementor-element-189d82c jltma-glass-effect-no\" data-id=\"189d82c\" data-element_type=\"column\" data-e-type=\"column\" data-settings=\"{&quot;_ob_bbad_is_stalker&quot;:&quot;no&quot;,&quot;_ob_teleporter_use&quot;:false,&quot;_ob_column_hoveranimator&quot;:&quot;no&quot;,&quot;_ob_column_has_pseudo&quot;:&quot;no&quot;}\">\n\t\t\t<div class=\"elementor-widget-wrap elementor-element-populated\">\n\t\t\t\t\t\t<div class=\"elementor-element elementor-element-3da51b7 ob-harakiri-inherit jltma-glass-effect-no ob-has-background-overlay elementor-widget elementor-widget-heading\" data-id=\"3da51b7\" data-element_type=\"widget\" data-e-type=\"widget\" data-settings=\"{&quot;_ob_use_harakiri&quot;:&quot;yes&quot;,&quot;_ob_harakiri_writing_mode&quot;:&quot;inherit&quot;,&quot;_ob_harakiri_text_clip&quot;:&quot;none&quot;,&quot;_ob_perspektive_use&quot;:&quot;no&quot;,&quot;_ob_poopart_use&quot;:&quot;yes&quot;,&quot;_ob_shadough_use&quot;:&quot;no&quot;,&quot;_ob_allow_hoveranimator&quot;:&quot;no&quot;,&quot;_ob_widget_stalker_use&quot;:&quot;no&quot;}\" data-widget_type=\"heading.default\">\n\t\t\t\t<div class=\"elementor-widget-container\">\n\t\t\t\t\t<h2 class=\"elementor-heading-title elementor-size-default\">A Legal Ambiental est\u00e1 sempre em busca de solu\u00e7\u00f5es que promovam\nsustentabilidade e responsabilidade socioambiental.\n<\/h2>\t\t\t\t<\/div>\n\t\t\t\t<\/div>\n\t\t\t\t\t<\/div>\n\t\t<\/div>\n\t\t\t\t\t<\/div>\n\t\t<\/section>\n\t\t<div class=\"elementor-element elementor-element-41f57da e-flex e-con-boxed jltma-glass-effect-no e-con e-parent\" data-id=\"41f57da\" data-element_type=\"container\" data-e-type=\"container\" data-settings=\"{&quot;_ob_use_container_extras&quot;:&quot;no&quot;,&quot;_ob_column_hoveranimator&quot;:&quot;no&quot;,&quot;_ha_eqh_enable&quot;:false,&quot;_ob_glider_is_slider&quot;:&quot;no&quot;,&quot;_ob_column_has_pseudo&quot;:&quot;no&quot;}\">\n\t\t\t\t\t<div class=\"e-con-inner\">\n\t\t\t\t<div class=\"elementor-element elementor-element-cb34d8e ob-harakiri-inherit jltma-glass-effect-no ob-has-background-overlay elementor-widget elementor-widget-text-editor\" data-id=\"cb34d8e\" data-element_type=\"widget\" data-e-type=\"widget\" data-settings=\"{&quot;_ob_use_harakiri&quot;:&quot;yes&quot;,&quot;_ob_harakiri_writing_mode&quot;:&quot;inherit&quot;,&quot;_ob_postman_use&quot;:&quot;no&quot;,&quot;_ob_perspektive_use&quot;:&quot;no&quot;,&quot;_ob_poopart_use&quot;:&quot;yes&quot;,&quot;_ob_shadough_use&quot;:&quot;no&quot;,&quot;_ob_allow_hoveranimator&quot;:&quot;no&quot;,&quot;_ob_widget_stalker_use&quot;:&quot;no&quot;}\" data-widget_type=\"text-editor.default\">\n\t\t\t\t<div class=\"elementor-widget-container\">\n\t\t\t\t\t\t\t\t\t<p>Por isso, temos o orgulho de anunciar nossa parceria com a <a href=\"https:\/\/www.eureciclo.com.br\" target=\"_blank\" rel=\"noopener\">Eu Reciclo<\/a>, fortalecendo nosso compromisso com a log\u00edstica reversa de embalagens, em total conformidade com a legisla\u00e7\u00e3o vigente. O que isso significa na pr\u00e1tica? Para cada embalagem que colocamos no mercado, o equivalente a 30% em material ser\u00e1 reciclado, contribuindo diretamente para um ciclo mais sustent\u00e1vel, reduzindo a disposi\u00e7\u00e3o de res\u00edduos no meio ambiente.<\/p><p>Al\u00e9m disso, destaque tamb\u00e9m para o impacto social, uma vez que integra e potencializa a import\u00e2ncia dos catadores na coleta e triagem dos res\u00edduos de forma mais digna e estruturada.<\/p>\t\t\t\t\t\t\t\t<\/div>\n\t\t\t\t<\/div>\n\t\t\t\t\t<\/div>\n\t\t\t\t<\/div>\n\t\t<div class=\"elementor-element elementor-element-99760a0 e-flex e-con-boxed jltma-glass-effect-no e-con e-parent\" data-id=\"99760a0\" data-element_type=\"container\" data-e-type=\"container\" data-settings=\"{&quot;_ob_use_container_extras&quot;:&quot;no&quot;,&quot;_ob_column_hoveranimator&quot;:&quot;no&quot;,&quot;_ha_eqh_enable&quot;:false,&quot;_ob_glider_is_slider&quot;:&quot;no&quot;,&quot;_ob_column_has_pseudo&quot;:&quot;no&quot;}\">\n\t\t\t\t\t<div class=\"e-con-inner\">\n\t\t\t\t<div class=\"elementor-element elementor-element-25fade0 jltma-glass-effect-no ob-has-background-overlay elementor-widget elementor-widget-image\" data-id=\"25fade0\" data-element_type=\"widget\" data-e-type=\"widget\" data-settings=\"{&quot;_ob_photomorph_use&quot;:&quot;no&quot;,&quot;_ob_perspektive_use&quot;:&quot;no&quot;,&quot;_ob_poopart_use&quot;:&quot;yes&quot;,&quot;_ob_shadough_use&quot;:&quot;no&quot;,&quot;_ob_allow_hoveranimator&quot;:&quot;no&quot;,&quot;_ob_widget_stalker_use&quot;:&quot;no&quot;}\" data-widget_type=\"image.default\">\n\t\t\t\t<div class=\"elementor-widget-container\">\n\t\t\t\t\t\t\t\t\t\t\t\t\t\t\t<img fetchpriority=\"high\" decoding=\"async\" width=\"1040\" height=\"350\" src=\"https:\/\/legalambiental.com.br\/wp-content\/uploads\/2025\/01\/reciclagem.png\" class=\"attachment-full size-full wp-image-7712\" alt=\"Log\u00edstica Reversa\" srcset=\"https:\/\/legalambiental.com.br\/wp-content\/uploads\/2025\/01\/reciclagem.png 1040w, https:\/\/legalambiental.com.br\/wp-content\/uploads\/2025\/01\/reciclagem-1024x345.png 1024w, https:\/\/legalambiental.com.br\/wp-content\/uploads\/2025\/01\/reciclagem-768x258.png 768w\" sizes=\"(max-width: 1040px) 100vw, 1040px\" \/>\t\t\t\t\t\t\t\t\t\t\t\t\t\t\t<\/div>\n\t\t\t\t<\/div>\n\t\t\t\t\t<\/div>\n\t\t\t\t<\/div>\n\t\t<div class=\"elementor-element elementor-element-10f2522 e-flex e-con-boxed jltma-glass-effect-no e-con e-parent\" data-id=\"10f2522\" data-element_type=\"container\" data-e-type=\"container\" data-settings=\"{&quot;_ob_use_container_extras&quot;:&quot;no&quot;,&quot;_ob_column_hoveranimator&quot;:&quot;no&quot;,&quot;_ha_eqh_enable&quot;:false,&quot;_ob_glider_is_slider&quot;:&quot;no&quot;,&quot;_ob_column_has_pseudo&quot;:&quot;no&quot;}\">\n\t\t\t\t\t<div class=\"e-con-inner\">\n\t\t\t\t<div class=\"elementor-element elementor-element-9d84a03 ob-harakiri-inherit jltma-glass-effect-no ob-has-background-overlay elementor-widget elementor-widget-text-editor\" data-id=\"9d84a03\" data-element_type=\"widget\" data-e-type=\"widget\" data-settings=\"{&quot;_ob_use_harakiri&quot;:&quot;yes&quot;,&quot;_ob_harakiri_writing_mode&quot;:&quot;inherit&quot;,&quot;_ob_postman_use&quot;:&quot;no&quot;,&quot;_ob_perspektive_use&quot;:&quot;no&quot;,&quot;_ob_poopart_use&quot;:&quot;yes&quot;,&quot;_ob_shadough_use&quot;:&quot;no&quot;,&quot;_ob_allow_hoveranimator&quot;:&quot;no&quot;,&quot;_ob_widget_stalker_use&quot;:&quot;no&quot;}\" data-widget_type=\"text-editor.default\">\n\t\t\t\t<div class=\"elementor-widget-container\">\n\t\t\t\t\t\t\t\t\t<div class=\"elementor-element elementor-element-7d32784 ob-harakiri-inherit jltma-glass-effect-no ob-has-background-overlay elementor-widget elementor-widget-text-editor ob-harakiri\" data-id=\"7d32784\" data-element_type=\"widget\" data-settings=\"{&quot;_ob_use_harakiri&quot;:&quot;yes&quot;,&quot;_ob_harakiri_writing_mode&quot;:&quot;inherit&quot;,&quot;_ob_postman_use&quot;:&quot;no&quot;,&quot;_ob_perspektive_use&quot;:&quot;no&quot;,&quot;_ob_poopart_use&quot;:&quot;yes&quot;,&quot;_ob_shadough_use&quot;:&quot;no&quot;,&quot;_ob_allow_hoveranimator&quot;:&quot;no&quot;,&quot;_ob_widget_stalker_use&quot;:&quot;no&quot;}\" data-widget_type=\"text-editor.default\"><div class=\"elementor-widget-container\"><p>\u00c9 mais que um compromisso com a lei, \u00e9 nosso compromisso que integra ao prop\u00f3sito da nossa empresa em perpetuar os recursos naturais para as futuras gera\u00e7\u00f5es.<\/p><p>O impacto das embalagens importa e \u00e9 uma responsabilidade n\u00e3o s\u00f3 das ind\u00fastrias, mas tamb\u00e9m de todo consumidor. <br \/>Ao escolher produtos da Legal Ambiental, voc\u00ea n\u00e3o s\u00f3 garante qualidade e efici\u00eancia, mas tamb\u00e9m colabora com pr\u00e1ticas que promovem um futuro mais sustent\u00e1vel.<\/p><p>Estamos garantindo que nossas embalagens n\u00e3o sejam apenas um res\u00edduo a mais, mas uma oportunidade de reciclar, renovar e proteger o meio ambiente.<\/p><\/div><\/div>\t\t\t\t\t\t\t\t<\/div>\n\t\t\t\t<\/div>\n\t\t\t\t\t<\/div>\n\t\t\t\t<\/div>\n\t\t<div class=\"elementor-element elementor-element-1c66b20 e-flex e-con-boxed jltma-glass-effect-no e-con e-parent\" data-id=\"1c66b20\" data-element_type=\"container\" data-e-type=\"container\" data-settings=\"{&quot;_ob_use_container_extras&quot;:&quot;no&quot;,&quot;_ob_column_hoveranimator&quot;:&quot;no&quot;,&quot;_ha_eqh_enable&quot;:false,&quot;_ob_glider_is_slider&quot;:&quot;no&quot;,&quot;_ob_column_has_pseudo&quot;:&quot;no&quot;}\">\n\t\t\t\t\t<div class=\"e-con-inner\">\n\t\t\t\t<div class=\"elementor-element elementor-element-f391473 ob-harakiri-inherit jltma-glass-effect-no ob-has-background-overlay elementor-widget elementor-widget-text-editor\" data-id=\"f391473\" data-element_type=\"widget\" data-e-type=\"widget\" data-settings=\"{&quot;_ob_use_harakiri&quot;:&quot;yes&quot;,&quot;_ob_harakiri_writing_mode&quot;:&quot;inherit&quot;,&quot;_ob_postman_use&quot;:&quot;no&quot;,&quot;_ob_perspektive_use&quot;:&quot;no&quot;,&quot;_ob_poopart_use&quot;:&quot;yes&quot;,&quot;_ob_shadough_use&quot;:&quot;no&quot;,&quot;_ob_allow_hoveranimator&quot;:&quot;no&quot;,&quot;_ob_widget_stalker_use&quot;:&quot;no&quot;}\" data-widget_type=\"text-editor.default\">\n\t\t\t\t<div class=\"elementor-widget-container\">\n\t\t\t\t\t\t\t\t\t<p style=\"text-align: center;\">Legal Ambiental: Sustentabilidade que transforma.<\/p>\t\t\t\t\t\t\t\t<\/div>\n\t\t\t\t<\/div>\n\t\t\t\t\t<\/div>\n\t\t\t\t<\/div>\n\t\t\t\t<\/div>\n\t\t","protected":false},"excerpt":{"rendered":"<p>A Legal Ambiental est\u00e1 sempre em busca de solu\u00e7\u00f5es que promovam sustentabilidade e responsabilidade socioambiental. Por isso, temos o orgulho de anunciar nossa parceria com a Eu Reciclo, fortalecendo nosso compromisso com a log\u00edstica reversa de embalagens, em total conformidade com a legisla\u00e7\u00e3o vigente. O que isso significa na pr\u00e1tica? Para cada embalagem que colocamos [&hellip;]<\/p>\n","protected":false},"author":1,"featured_media":0,"parent":0,"menu_order":0,"comment_status":"closed","ping_status":"closed","template":"elementor_header_footer","meta":{"_eb_attr":"","_joinchat":[],"footnotes":""},"class_list":["post-7798","page","type-page","status-publish","hentry"],"_links":{"self":[{"href":"https:\/\/legalambiental.com.br\/index.php?rest_route=\/wp\/v2\/pages\/7798","targetHints":{"allow":["GET"]}}],"collection":[{"href":"https:\/\/legalambiental.com.br\/index.php?rest_route=\/wp\/v2\/pages"}],"about":[{"href":"https:\/\/legalambiental.com.br\/index.php?rest_route=\/wp\/v2\/types\/page"}],"author":[{"embeddable":true,"href":"https:\/\/legalambiental.com.br\/index.php?rest_route=\/wp\/v2\/users\/1"}],"replies":[{"embeddable":true,"href":"https:\/\/legalambiental.com.br\/index.php?rest_route=%2Fwp%2Fv2%2Fcomments&post=7798"}],"version-history":[{"count":16,"href":"https:\/\/legalambiental.com.br\/index.php?rest_route=\/wp\/v2\/pages\/7798\/revisions"}],"predecessor-version":[{"id":7816,"href":"https:\/\/legalambiental.com.br\/index.php?rest_route=\/wp\/v2\/pages\/7798\/revisions\/7816"}],"wp:attachment":[{"href":"https:\/\/legalambiental.com.br\/index.php?rest_route=%2Fwp%2Fv2%2Fmedia&parent=7798"}],"curies":[{"name":"wp","href":"https:\/\/api.w.org\/{rel}","templated":true}]}}